{"id":800,"date":"2021-04-26T01:24:38","date_gmt":"2021-04-26T06:24:38","guid":{"rendered":"http:\/\/ilusol-renova.com\/tienda\/?post_type=product&#038;p=800"},"modified":"2022-04-08T17:52:25","modified_gmt":"2022-04-08T22:52:25","slug":"equipo-automatico-electronico-de-presion-constante-esybox","status":"publish","type":"product","link":"https:\/\/ilusol-renova.com\/tienda\/shop\/equipo-automatico-electronico-de-presion-constante-esybox\/","title":{"rendered":"Equipo Autom\u00e1tico Electr\u00f3nico de Presi\u00f3n Constante Esybox"},"content":{"rendered":"<p><a href=\"http:\/\/ilusol-renova.com\/tienda\/?attachment_id=802\" rel=\"attachment wp-att-802\"><img loading=\"lazy\" decoding=\"async\" class=\"aligncenter wp-image-802 size-full\" src=\"http:\/\/ilusol-renova.com\/tienda\/wp-content\/uploads\/2021\/04\/esybox.png\" alt=\"\" width=\"874\" height=\"592\" srcset=\"https:\/\/ilusol-renova.com\/tienda\/wp-content\/uploads\/2021\/04\/esybox.png 874w, https:\/\/ilusol-renova.com\/tienda\/wp-content\/uploads\/2021\/04\/esybox-300x203.png 300w, https:\/\/ilusol-renova.com\/tienda\/wp-content\/uploads\/2021\/04\/esybox-768x520.png 768w, https:\/\/ilusol-renova.com\/tienda\/wp-content\/uploads\/2021\/04\/esybox-150x102.png 150w\" sizes=\"auto, (max-width: 874px) 100vw, 874px\" \/><\/a><\/p>\n","protected":false},"excerpt":{"rendered":"","protected":false},"featured_media":801,"comment_status":"open","ping_status":"closed","template":"","meta":{"_joinchat":[]},"product_brand":[],"product_cat":[48],"product_tag":[],"class_list":{"0":"post-800","1":"product","2":"type-product","3":"status-publish","4":"has-post-thumbnail","6":"product_cat-linea-de-agua","8":"first","9":"instock","10":"featured","11":"taxable","12":"shipping-taxable","13":"purchasable","14":"product-type-simple"},"_links":{"self":[{"href":"https:\/\/ilusol-renova.com\/tienda\/wp-json\/wp\/v2\/product\/800","targetHints":{"allow":["GET"]}}],"collection":[{"href":"https:\/\/ilusol-renova.com\/tienda\/wp-json\/wp\/v2\/product"}],"about":[{"href":"https:\/\/ilusol-renova.com\/tienda\/wp-json\/wp\/v2\/types\/product"}],"replies":[{"embeddable":true,"href":"https:\/\/ilusol-renova.com\/tienda\/wp-json\/wp\/v2\/comments?post=800"}],"wp:featuredmedia":[{"embeddable":true,"href":"https:\/\/ilusol-renova.com\/tienda\/wp-json\/wp\/v2\/media\/801"}],"wp:attachment":[{"href":"https:\/\/ilusol-renova.com\/tienda\/wp-json\/wp\/v2\/media?parent=800"}],"wp:term":[{"taxonomy":"product_brand","embeddable":true,"href":"https:\/\/ilusol-renova.com\/tienda\/wp-json\/wp\/v2\/product_brand?post=800"},{"taxonomy":"product_cat","embeddable":true,"href":"https:\/\/ilusol-renova.com\/tienda\/wp-json\/wp\/v2\/product_cat?post=800"},{"taxonomy":"product_tag","embeddable":true,"href":"https:\/\/ilusol-renova.com\/tienda\/wp-json\/wp\/v2\/product_tag?post=800"}],"curies":[{"name":"wp","href":"https:\/\/api.w.org\/{rel}","templated":true}]}}