{"id":267,"date":"2017-06-21T08:08:52","date_gmt":"2017-06-21T13:08:52","guid":{"rendered":"http:\/\/dummy.xtemos.com\/woodmart\/?page_id=267"},"modified":"2019-09-11T00:47:09","modified_gmt":"2019-09-11T05:47:09","slug":"wishlist","status":"publish","type":"page","link":"https:\/\/ilusol-renova.com\/tienda\/wishlist\/","title":{"rendered":"Lista de deseos"},"content":{"rendered":"\t\t\n\t\t\n\t\t<div class=\"\">\n\t\t\t\t\t\t<div class=\"wd-wishlist-content\">\n\t\t\t\t\t\t\t\t\t<p class=\"wd-empty-wishlist wd-empty-page\">\n\t\t\t\t\t\tLa lista de deseos est\u00e1 vac\u00eda\t\t\t\t\t<\/p>\n\n\t\t\t\t\t\t\t\t\t\t\t<div class=\"wd-empty-page-text\">\n\t\t\t\t\t\t\tA\u00fan no tiene ning\u00fan producto en la lista de deseos.<\/br>\r\nEncontrar\u00e1 muchos productos interesantes en nuestra p\u00e1gina \"Tienda\".\t\t\t\t\t\t<\/div>\n\t\t\t\t\t\n\t\t\t\t\t<p class=\"return-to-shop\">\n\t\t\t\t\t\t<a class=\"button\" href=\"https:\/\/ilusol-renova.com\/tienda\/shop\/\">\n\t\t\t\t\t\t\tRegresar a la tienda\t\t\t\t\t\t<\/a>\n\t\t\t\t\t<\/p>\n\t\t\t\t\t\t\t<\/div>\n\t\t\t\t<\/div>\n\t\t\n","protected":false},"excerpt":{"rendered":"La lista de deseos est\u00e1 vac\u00eda A\u00fan no tiene ning\u00fan producto en la lista de deseos. Encontrar\u00e1 muchos productos interesantes","protected":false},"author":1,"featured_media":0,"parent":0,"menu_order":0,"comment_status":"closed","ping_status":"closed","template":"","meta":{"_joinchat":[],"footnotes":""},"class_list":["post-267","page","type-page","status-publish","hentry"],"_links":{"self":[{"href":"https:\/\/ilusol-renova.com\/tienda\/wp-json\/wp\/v2\/pages\/267","targetHints":{"allow":["GET"]}}],"collection":[{"href":"https:\/\/ilusol-renova.com\/tienda\/wp-json\/wp\/v2\/pages"}],"about":[{"href":"https:\/\/ilusol-renova.com\/tienda\/wp-json\/wp\/v2\/types\/page"}],"author":[{"embeddable":true,"href":"https:\/\/ilusol-renova.com\/tienda\/wp-json\/wp\/v2\/users\/1"}],"replies":[{"embeddable":true,"href":"https:\/\/ilusol-renova.com\/tienda\/wp-json\/wp\/v2\/comments?post=267"}],"version-history":[{"count":1,"href":"https:\/\/ilusol-renova.com\/tienda\/wp-json\/wp\/v2\/pages\/267\/revisions"}],"predecessor-version":[{"id":438,"href":"https:\/\/ilusol-renova.com\/tienda\/wp-json\/wp\/v2\/pages\/267\/revisions\/438"}],"wp:attachment":[{"href":"https:\/\/ilusol-renova.com\/tienda\/wp-json\/wp\/v2\/media?parent=267"}],"curies":[{"name":"wp","href":"https:\/\/api.w.org\/{rel}","templated":true}]}}